{"id":64,"date":"2026-03-03T19:35:19","date_gmt":"2026-03-03T19:35:19","guid":{"rendered":"https:\/\/schmieding-praxis.rationelle-praxis.de\/?page_id=64"},"modified":"2026-03-19T07:57:35","modified_gmt":"2026-03-19T07:57:35","slug":"datenschutzerklaerung","status":"publish","type":"page","link":"https:\/\/www.schmieding-praxis.de\/?page_id=64","title":{"rendered":"Datenschutzerkl\u00e4rung"},"content":{"rendered":"\n<h2 class=\"wp-block-heading\">I. Name und Anschrift des Verantwortlichen<\/h2>\n\n\n\n<p>Der Verantwortliche im Sinne der Datenschutz-Grundverordnung (DSGVO) und anderer nationaler Datenschutzgesetze sowie sonstiger datenschutzrechtlicher Bestimmungen ist:<\/p>\n\n\n\n<p>Dr. med. Christoph Schmieding Bahnhofstra\u00dfe 4a 76137 Karlsruhe Deutschland Telefon: 0721 \u2013 35 75 55 E-Mail: schmieding-email@web.de Website: https:\/\/www.schmieding-praxis.de\/<\/p>\n\n\n\n<p>Ein gesonderter Datenschutzbeauftragter ist gesetzlich nicht vorgeschrieben. Bei Fragen zum Datenschutz wenden Sie sich bitte direkt an den oben genannten Verantwortlichen.<\/p>\n\n\n\n<h2 class=\"wp-block-heading\">II. Allgemeines zur Datenverarbeitung<\/h2>\n\n\n\n<p>Wir verarbeiten personenbezogene Daten unserer Nutzer grunds\u00e4tzlich nur, soweit dies zur Bereitstellung einer funktionsf\u00e4higen Website sowie unserer Inhalte und Leistungen erforderlich ist. Die Verarbeitung personenbezogener Daten unserer Nutzer erfolgt regelm\u00e4\u00dfig nur nach Einwilligung des Nutzers. Eine Ausnahme gilt in solchen F\u00e4llen, in denen eine vorherige Einholung einer Einwilligung aus tats\u00e4chlichen Gr\u00fcnden nicht m\u00f6glich ist und die Verarbeitung der Daten durch gesetzliche Vorschriften gestattet ist.<\/p>\n\n\n\n<p>Soweit wir f\u00fcr Verarbeitungsvorg\u00e4nge personenbezogener Daten eine Einwilligung der betroffenen Person einholen, dient Art. 6 Abs. 1 lit. a DSGVO als Rechtsgrundlage. Bei der Verarbeitung personenbezogener Daten, die zur Erf\u00fcllung eines Vertrages erforderlich ist, dient Art. 6 Abs. 1 lit. b DSGVO als Rechtsgrundlage. F\u00fcr Verarbeitungsvorg\u00e4nge, die zur Wahrung eines berechtigten Interesses erforderlich sind, dient Art. 6 Abs. 1 lit. f DSGVO als Rechtsgrundlage.<\/p>\n\n\n\n<p>Die personenbezogenen Daten der betroffenen Person werden gel\u00f6scht oder gesperrt, sobald der Zweck der Speicherung entf\u00e4llt. Eine Speicherung kann dar\u00fcber hinaus dann erfolgen, wenn dies durch den europ\u00e4ischen oder nationalen Gesetzgeber vorgesehen wurde.<\/p>\n\n\n\n<h2 class=\"wp-block-heading\">III. Hosting<\/h2>\n\n\n\n<p>Diese Website wird bei folgendem Anbieter gehostet:<\/p>\n\n\n\n<p>Hosttech GmbH Berlin, Deutschland<\/p>\n\n\n\n<p>Der Hoster verarbeitet die an unsere Website gerichteten Anfragen und die dabei \u00fcbermittelten personenbezogenen Daten (insbesondere IP-Adressen, Kontaktanfragen, Meta- und Kommunikationsdaten, Vertragsdaten, Kontaktdaten, Namen, Websitezugriffe). Die Verarbeitung erfolgt zur Erf\u00fcllung unserer vertraglichen Pflichten gegen\u00fcber unseren Nutzern (Art. 6 Abs. 1 lit. b DSGVO) und im Interesse einer sicheren, schnellen und effizienten Bereitstellung unseres Online-Angebots (Art. 6 Abs. 1 lit. f DSGVO).<\/p>\n\n\n\n<h2 class=\"wp-block-heading\">IV. SSL- bzw. TLS-Verschl\u00fcsselung<\/h2>\n\n\n\n<p>Diese Website nutzt aus Sicherheitsgr\u00fcnden und zum Schutz der \u00dcbertragung vertraulicher Inhalte eine SSL- bzw. TLS-Verschl\u00fcsselung. Eine verschl\u00fcsselte Verbindung erkennen Sie daran, dass die Adresszeile des Browsers von \u201ehttp:\/\/&#8220; auf \u201ehttps:\/\/&#8220; wechselt und an dem Schloss-Symbol in Ihrer Browserzeile. Wenn die SSL- bzw. TLS-Verschl\u00fcsselung aktiviert ist, k\u00f6nnen die Daten, die Sie an uns \u00fcbermitteln, nicht von Dritten mitgelesen werden.<\/p>\n\n\n\n<h2 class=\"wp-block-heading\">V. Bereitstellung der Website und Erstellung von Logfiles<\/h2>\n\n\n\n<p>Bei jedem Aufruf unserer Internetseite erfasst unser System automatisiert Daten und Informationen des aufrufenden Rechners. Folgende Daten werden hierbei erhoben:<\/p>\n\n\n\n<ul class=\"wp-block-list\">\n<li>IP-Adresse des anfragenden Rechners (anonymisiert)<\/li>\n\n\n\n<li>Datum und Uhrzeit des Zugriffs<\/li>\n\n\n\n<li>Name und URL der abgerufenen Datei<\/li>\n\n\n\n<li>Website, von der aus der Zugriff erfolgt (Referrer-URL)<\/li>\n\n\n\n<li>Verwendeter Browser und ggf. das Betriebssystem<\/li>\n\n\n\n<li>Zugriffsstatus \/ HTTP-Statuscode<\/li>\n\n\n\n<li>\u00dcbertragene Datenmenge<\/li>\n<\/ul>\n\n\n\n<p>Die vor\u00fcbergehende Speicherung der IP-Adresse durch das System ist notwendig, um eine Auslieferung der Website an den Rechner des Nutzers zu erm\u00f6glichen. Hierf\u00fcr muss die IP-Adresse des Nutzers f\u00fcr die Dauer der Sitzung gespeichert bleiben. Die Rechtsgrundlage ist Art. 6 Abs. 1 lit. f DSGVO. Unser berechtigtes Interesse liegt in der Bereitstellung und Sicherheit der Website.<\/p>\n\n\n\n<p>Die Logfiles werden nach sp\u00e4testens sieben Tagen gel\u00f6scht. Eine dar\u00fcber hinausgehende Speicherung ist m\u00f6glich, wobei die IP-Adressen des Nutzers dann anonymisiert werden. Eine Zusammenf\u00fchrung dieser Daten mit anderen Datenquellen erfolgt nicht.<\/p>\n\n\n\n<h2 class=\"wp-block-heading\">VI. Verwendung von Cookies und lokalem Speicher<\/h2>\n\n\n\n<p>Diese Website verwendet keine Tracking-Cookies und keine Cookies zu Werbezwecken.<\/p>\n\n\n\n<p>Stattdessen nutzt die Website die localStorage-Funktion Ihres Browsers, um folgende technisch notwendige Einstellungen zu speichern:<\/p>\n\n\n\n<ul class=\"wp-block-list\">\n<li><strong>praxis_cookie_consent<\/strong> \u2014 Speichert Ihre Entscheidung zum Cookie-Hinweis (akzeptiert\/abgelehnt). Verbleibt im Browser, bis Sie die Browserdaten l\u00f6schen.<\/li>\n\n\n\n<li><strong>praxis_map_consent<\/strong> \u2014 Speichert Ihre Einwilligung zum Laden der OpenStreetMap-Karte. Verbleibt im Browser, bis Sie die Browserdaten l\u00f6schen.<\/li>\n<\/ul>\n\n\n\n<p>Diese Daten werden ausschlie\u00dflich lokal in Ihrem Browser gespeichert und nicht an unseren oder einen anderen Server \u00fcbermittelt. Die Rechtsgrundlage ist \u00a7 25 Abs. 2 Nr. 2 TDDDG (technisch erforderlicher Zugriff) in Verbindung mit Art. 6 Abs. 1 lit. f DSGVO (berechtigtes Interesse an der funktionsf\u00e4higen Bereitstellung der Website).<\/p>\n\n\n\n<p>Sie k\u00f6nnen die localStorage-Daten jederzeit \u00fcber die Einstellungen Ihres Browsers l\u00f6schen.<\/p>\n\n\n\n<h2 class=\"wp-block-heading\">VII. Kontaktaufnahme per E-Mail oder Telefon<\/h2>\n\n\n\n<p>Wenn Sie uns per E-Mail oder Telefon kontaktieren, werden die von Ihnen mitgeteilten Daten (Name, E-Mail-Adresse, Telefonnummer, Inhalt der Anfrage) zum Zwecke der Bearbeitung Ihrer Anfrage gespeichert. Die Rechtsgrundlage f\u00fcr die Verarbeitung ist Art. 6 Abs. 1 lit. b DSGVO (vorvertragliche Ma\u00dfnahmen bzw. Vertragserf\u00fcllung) oder Art. 6 Abs. 1 lit. f DSGVO (berechtigtes Interesse an der Bearbeitung Ihrer Anfrage).<\/p>\n\n\n\n<p>Die Daten werden gel\u00f6scht, sobald sie f\u00fcr die Erreichung des Zweckes ihrer Erhebung nicht mehr erforderlich sind. Gesetzliche Aufbewahrungspflichten bleiben unber\u00fchrt. Eine Weitergabe an Dritte erfolgt nicht.<\/p>\n\n\n\n<h2 class=\"wp-block-heading\">VIII. Eingebettete Karte (OpenStreetMap)<\/h2>\n\n\n\n<p>Auf dieser Website wird eine Karte des Dienstes OpenStreetMap eingebunden. Anbieter ist die OpenStreetMap Foundation, 132 Maney Hill Road, Sutton Coldfield, West Midlands, B72 1JU, Vereinigtes K\u00f6nigreich.<\/p>\n\n\n\n<p>Die Karte wird erst geladen, nachdem Sie aktiv in das Laden eingewilligt haben (Klick auf \u201eKarte laden&#8220;). Erst mit Ihrer Einwilligung wird eine Verbindung zu den Servern von OpenStreetMap aufgebaut, wobei Ihre IP-Adresse an OpenStreetMap \u00fcbermittelt wird. Die Rechtsgrundlage ist Art. 6 Abs. 1 lit. a DSGVO (Einwilligung).<\/p>\n\n\n\n<p>Ihre Einwilligung wird in Ihrem Browser gespeichert (siehe Abschnitt VI). Sie k\u00f6nnen diese Einwilligung jederzeit widerrufen, indem Sie den Eintrag \u201epraxis_map_consent&#8220; in den localStorage-Daten Ihres Browsers l\u00f6schen.<\/p>\n\n\n\n<p>Weitere Informationen zum Umgang mit Nutzerdaten finden Sie in der Datenschutzerkl\u00e4rung von OpenStreetMap unter: https:\/\/wiki.osmfoundation.org\/wiki\/Privacy_Policy<\/p>\n\n\n\n<h2 class=\"wp-block-heading\">IX. Daten\u00fcbermittlung in Drittl\u00e4nder<\/h2>\n\n\n\n<p>Eine \u00dcbermittlung personenbezogener Daten in Drittl\u00e4nder (Staaten au\u00dferhalb des Europ\u00e4ischen Wirtschaftsraums) findet grunds\u00e4tzlich nicht statt. Eine Ausnahme besteht beim Laden der OpenStreetMap-Karte nach Ihrer Einwilligung, da die OpenStreetMap Foundation ihren Sitz im Vereinigten K\u00f6nigreich hat. F\u00fcr das Vereinigte K\u00f6nigreich besteht ein Angemessenheitsbeschluss der Europ\u00e4ischen Kommission gem\u00e4\u00df Art. 45 Abs. 3 DSGVO.<\/p>\n\n\n\n<h2 class=\"wp-block-heading\">X. Ihre Rechte als betroffene Person<\/h2>\n\n\n\n<p>Werden personenbezogene Daten von Ihnen verarbeitet, stehen Ihnen folgende Rechte gegen\u00fcber dem Verantwortlichen zu:<\/p>\n\n\n\n<ul class=\"wp-block-list\">\n<li><strong>Auskunftsrecht<\/strong> \u2014 Sie k\u00f6nnen Auskunft \u00fcber Ihre von uns verarbeiteten personenbezogenen Daten verlangen (Art. 15 DSGVO).<\/li>\n\n\n\n<li><strong>Recht auf Berichtigung<\/strong> \u2014 Sie k\u00f6nnen die Berichtigung unrichtiger oder die Vervollst\u00e4ndigung Ihrer bei uns gespeicherten Daten verlangen (Art. 16 DSGVO).<\/li>\n\n\n\n<li><strong>Recht auf L\u00f6schung<\/strong> \u2014 Sie k\u00f6nnen die L\u00f6schung Ihrer bei uns gespeicherten Daten verlangen, soweit nicht die Verarbeitung zur Aus\u00fcbung des Rechts auf freie Meinungs\u00e4u\u00dferung, zur Erf\u00fcllung einer rechtlichen Verpflichtung oder aus Gr\u00fcnden des \u00f6ffentlichen Interesses erforderlich ist (Art. 17 DSGVO).<\/li>\n\n\n\n<li><strong>Recht auf Einschr\u00e4nkung der Verarbeitung<\/strong> \u2014 Sie k\u00f6nnen die Einschr\u00e4nkung der Verarbeitung Ihrer personenbezogenen Daten verlangen (Art. 18 DSGVO).<\/li>\n\n\n\n<li><strong>Recht auf Daten\u00fcbertragbarkeit<\/strong> \u2014 Sie haben das Recht, Ihre Daten in einem strukturierten, g\u00e4ngigen und maschinenlesbaren Format zu erhalten (Art. 20 DSGVO).<\/li>\n\n\n\n<li><strong>Widerspruchsrecht<\/strong> \u2014 Sie k\u00f6nnen jederzeit gegen die Verarbeitung Ihrer personenbezogenen Daten Widerspruch einlegen, wenn diese auf Grundlage von Art. 6 Abs. 1 lit. e oder f DSGVO erfolgt (Art. 21 DSGVO).<\/li>\n<\/ul>\n\n\n\n<h2 class=\"wp-block-heading\">XI. Recht auf Widerruf der datenschutzrechtlichen Einwilligungserkl\u00e4rung<\/h2>\n\n\n\n<p>Soweit die Verarbeitung auf Ihrer Einwilligung beruht (Art. 6 Abs. 1 lit. a DSGVO), haben Sie das Recht, die Einwilligung jederzeit zu widerrufen, ohne dass die Rechtm\u00e4\u00dfigkeit der aufgrund der Einwilligung bis zum Widerruf erfolgten Verarbeitung ber\u00fchrt wird (Art. 7 Abs. 3 DSGVO).<\/p>\n\n\n\n<h2 class=\"wp-block-heading\">XII. Beschwerderecht bei einer Aufsichtsbeh\u00f6rde<\/h2>\n\n\n\n<p>Unbeschadet eines anderweitigen verwaltungsrechtlichen oder gerichtlichen Rechtsbehelfs steht Ihnen das Recht auf Beschwerde bei einer Aufsichtsbeh\u00f6rde zu, wenn Sie der Ansicht sind, dass die Verarbeitung Ihrer personenbezogenen Daten gegen die DSGVO verst\u00f6\u00dft.<\/p>\n\n\n\n<p>Zust\u00e4ndige Aufsichtsbeh\u00f6rde: Der Landesbeauftragte f\u00fcr den Datenschutz und die Informationsfreiheit Baden-W\u00fcrttemberg Lautenschlagerstra\u00dfe 20, 70173 Stuttgart https:\/\/www.baden-wuerttemberg.datenschutz.de<\/p>\n\n\n\n<h2 class=\"wp-block-heading\">XIII. Kontakt bei Datenschutzfragen<\/h2>\n\n\n\n<p>F\u00fcr alle Anfragen zum Datenschutz wenden Sie sich bitte an: Dr. med. Christoph Schmieding Bahnhofstra\u00dfe 4a, 76137 Karlsruhe E-Mail: schmieding-email@web.de<\/p>\n\n\n\n<h2 class=\"wp-block-heading\">XIV. Aktualit\u00e4t und \u00c4nderung dieser Datenschutzerkl\u00e4rung<\/h2>\n\n\n\n<p>Diese Datenschutzerkl\u00e4rung ist aktuell g\u00fcltig und hat folgenden Stand: M\u00e4rz 2026<\/p>\n\n\n\n<p>Durch die Weiterentwicklung unserer Website oder aufgrund ge\u00e4nderter gesetzlicher beziehungsweise beh\u00f6rdlicher Vorgaben kann es notwendig werden, diese Datenschutzerkl\u00e4rung zu \u00e4ndern.<\/p>\n","protected":false},"excerpt":{"rendered":"<p>I. Name und Anschrift des Verantwortlichen Der Verantwortliche im Sinne der Datenschutz-Grundverordnung (DSGVO) und anderer nationaler Datenschutzgesetze sowie sonstiger datenschutzrechtlicher Bestimmungen ist: Dr. med. Christoph Schmieding Bahnhofstra\u00dfe 4a 76137 Karlsruhe Deutschland Telefon: 0721 \u2013 35 75 55 E-Mail: schmieding-email@web.de Website: https:\/\/www.schmieding-praxis.de\/ Ein gesonderter Datenschutzbeauftragter ist gesetzlich nicht vorgeschrieben. Bei Fragen zum Datenschutz wenden Sie sich [&hellip;]<\/p>\n","protected":false},"author":1,"featured_media":0,"parent":0,"menu_order":0,"comment_status":"closed","ping_status":"closed","template":"","meta":{"footnotes":""},"class_list":["post-64","page","type-page","status-publish","hentry"],"_links":{"self":[{"href":"https:\/\/www.schmieding-praxis.de\/index.php?rest_route=\/wp\/v2\/pages\/64","targetHints":{"allow":["GET"]}}],"collection":[{"href":"https:\/\/www.schmieding-praxis.de\/index.php?rest_route=\/wp\/v2\/pages"}],"about":[{"href":"https:\/\/www.schmieding-praxis.de\/index.php?rest_route=\/wp\/v2\/types\/page"}],"author":[{"embeddable":true,"href":"https:\/\/www.schmieding-praxis.de\/index.php?rest_route=\/wp\/v2\/users\/1"}],"replies":[{"embeddable":true,"href":"https:\/\/www.schmieding-praxis.de\/index.php?rest_route=%2Fwp%2Fv2%2Fcomments&post=64"}],"version-history":[{"count":0,"href":"https:\/\/www.schmieding-praxis.de\/index.php?rest_route=\/wp\/v2\/pages\/64\/revisions"}],"wp:attachment":[{"href":"https:\/\/www.schmieding-praxis.de\/index.php?rest_route=%2Fwp%2Fv2%2Fmedia&parent=64"}],"curies":[{"name":"wp","href":"https:\/\/api.w.org\/{rel}","templated":true}]}}