{"id":2,"date":"2026-02-19T12:58:52","date_gmt":"2026-02-19T12:58:52","guid":{"rendered":"https:\/\/schmieding-praxis.rationelle-praxis.de\/?page_id=2"},"modified":"2026-04-12T09:35:46","modified_gmt":"2026-04-12T09:35:46","slug":"sample-page","status":"publish","type":"page","link":"https:\/\/www.schmieding-praxis.de\/?page_id=2","title":{"rendered":"Impressum"},"content":{"rendered":"\n<h2 class=\"wp-block-heading\">Angaben gem\u00e4\u00df \u00a7 5 DDG<\/h2>\n\n\n\n<p>Dr. med. Christoph Schmieding <br>Facharzt f\u00fcr Innere Medizin <br>Bahnhofstra\u00dfe 4a <br>76137 Karlsruhe<\/p>\n\n\n\n<h2 class=\"wp-block-heading\">Kontakt<\/h2>\n\n\n\n<p>Telefon: 0721 \u2013 35 75 55 <br>Fax: 0721 \u2013 35 73 81 <br>E-Mail: schmieding-email@web.de<\/p>\n\n\n\n<h2 class=\"wp-block-heading\">Berufsbezeichnung und berufsrechtliche Regelungen<\/h2>\n\n\n\n<p>Berufsbezeichnung: Facharzt f\u00fcr Innere Medizin Verliehen in der Bundesrepublik Deutschland<\/p>\n\n\n\n<p>Es gelten folgende berufsrechtliche Regelungen:<\/p>\n\n\n\n<ul class=\"wp-block-list\">\n<li>Berufsordnung der Landes\u00e4rztekammer Baden-W\u00fcrttemberg<\/li>\n\n\n\n<li>Heilberufe-Kammergesetz Baden-W\u00fcrttemberg (HBKG)<\/li>\n\n\n\n<li>Bundes\u00e4rzteordnung (B\u00c4O)<\/li>\n<\/ul>\n\n\n\n<p>Die Regelungen sind einsehbar \u00fcber die Website der Landes\u00e4rztekammer Baden-W\u00fcrttemberg unter: <a href=\"https:\/\/www.aerztekammer-bw.de\/10aerzte\/05kammern\/10LaesondBez\/recht\/index.html\">https:\/\/www.aerztekammer-bw.de\/10aerzte\/05kammern\/10LaesondBez\/recht\/index.html<\/a><\/p>\n\n\n\n<p><\/p>\n\n\n\n<p>Zust\u00e4ndige Landes\u00e4rztekammer: Landes\u00e4rztekammer Baden-W\u00fcrttemberg Jahnstra\u00dfe 40, 70597 Stuttgart <\/p>\n\n\n\n<p><a href=\"https:\/\/www.aerztekammer-bw.de\">https:\/\/www.aerztekammer-bw.de<\/a><\/p>\n\n\n\n<p>Zust\u00e4ndige Kassen\u00e4rztliche Vereinigung: <br>Kassen\u00e4rztliche Vereinigung Baden-W\u00fcrttemberg Albstadtweg 11, 70567 Stuttgart <\/p>\n\n\n\n<p><\/p>\n\n\n\n<p><a href=\"https:\/\/www.kvbawue.de\">https:\/\/www.kvbawue.de<\/a><\/p>\n\n\n\n<h2 class=\"wp-block-heading\">Zust\u00e4ndige Aufsichtsbeh\u00f6rden<\/h2>\n\n\n\n<p>Kassen\u00e4rztliche Vereinigung Baden-W\u00fcrttemberg, Bezirksdirektion Karlsruhe, <br>Ke\u00dflerstr. 1, 76185 Karlsruhe&nbsp;<\/p>\n\n\n\n<p><a href=\"https:\/\/www.kvbawue.de\/ueber-uns\/kontakt\/adressen-zeiten\">https:\/\/www.kvbawue.de\/ueber-uns\/kontakt\/adressen-zeiten<\/a><\/p>\n\n\n\n<p>Kassen\u00e4rztliche Vereinigung Baden-W\u00fcrttemberg, Albstadtweg 11, 70567 Stuttgart&nbsp;&nbsp;<\/p>\n\n\n\n<p><a href=\"https:\/\/www.kvbawue.de\/\">https:\/\/www.kvbawue.de\/<\/a><\/p>\n\n\n\n<p>Landes\u00e4rztekammer: Landes\u00e4rztekammer Baden-W\u00fcrttemberg Jahnstra\u00dfe 40, 70597 Stuttgart<\/p>\n\n\n\n<p><a href=\"https:\/\/www.aerztekammer-bw.de\">https:\/\/www.aerztekammer-bw.de<\/a><\/p>\n\n\n\n<h2 class=\"wp-block-heading\">Zust\u00e4ndige Landes\u00e4rztekammer:<\/h2>\n\n\n\n<p>Bezirks\u00e4rztekammer Nordbaden, Zimmerstr. 4, 76137 Karlsruhe&nbsp;<\/p>\n\n\n\n<p><a href=\"https:\/\/www.aerztekammer-bw.de\/baek-nb\">https:\/\/www.aerztekammer-bw.de\/baek-nb<\/a><\/p>\n\n\n\n<p>Landes\u00e4rztekammer Baden-W\u00fcrttemberg, Jahnstr. 40, 70597 Stuttgart<\/p>\n\n\n\n<p><a href=\"https:\/\/www.aerztekammer-bw.de\/\">https:\/\/www.aerztekammer-bw.de\/<\/a><\/p>\n\n\n\n<p>Kassen\u00e4rztliche Vereinigung Baden-W\u00fcrttemberg, Bezirksdirektion Karlsruhe, <br>Ke\u00dflerstr. 1, 76185 Karlsruhe<\/p>\n\n\n\n<p><a href=\"https:\/\/www.kvbawue.de\/ueber-uns\/kontakt\/adressen-zeiten\">https:\/\/www.kvbawue.de\/ueber-uns\/kontakt\/adressen-zeiten<\/a><\/p>\n\n\n\n<p><\/p>\n\n\n\n<h2 class=\"wp-block-heading\">Registereintrag<\/h2>\n\n\n\n<p><\/p>\n\n\n\n<p>Die Praxis wird als Einzelpraxis gef\u00fchrt. Eine Eintragung im Handelsregister, Vereinsregister, Partnerschaftsregister oder Genossenschaftsregister besteht nicht.<\/p>\n\n\n\n<h2 class=\"wp-block-heading\">Umsatzsteuer<\/h2>\n\n\n\n<p>\u00c4rztliche Heilbehandlungen sind gem\u00e4\u00df \u00a7 4 Nr. 14 a) UStG von der Umsatzsteuer befreit. Eine Umsatzsteuer-Identifikationsnummer nach \u00a7 27a UStG wird daher nicht ausgewiesen.<\/p>\n\n\n\n<h2 class=\"wp-block-heading\">Verantwortlich f\u00fcr den Inhalt nach \u00a7 18 Abs. 2 MStV<\/h2>\n\n\n\n<p>Dr. med. Christoph Schmieding <br>Bahnhofstra\u00dfe 4a <br>76137 Karlsruhe<\/p>\n\n\n\n<h2 class=\"wp-block-heading\">Haftung f\u00fcr Inhalte<\/h2>\n\n\n\n<p>Als Diensteanbieter sind wir gem\u00e4\u00df \u00a7 7 Abs. 1 DDG f\u00fcr eigene Inhalte auf diesen Seiten nach den allgemeinen Gesetzen verantwortlich. Nach \u00a7\u00a7 8 bis 10 DDG sind wir als Diensteanbieter jedoch nicht verpflichtet, \u00fcbermittelte oder gespeicherte fremde Informationen zu \u00fcberwachen oder nach Umst\u00e4nden zu forschen, die auf eine rechtswidrige T\u00e4tigkeit hinweisen.<\/p>\n\n\n\n<p>Verpflichtungen zur Entfernung oder Sperrung der Nutzung von Informationen nach den allgemeinen Gesetzen bleiben hiervon unber\u00fchrt. Eine diesbez\u00fcgliche Haftung ist jedoch erst ab dem Zeitpunkt der Kenntnis einer konkreten Rechtsverletzung m\u00f6glich. Bei Bekanntwerden von Rechtsverletzungen werden wir diese Inhalte umgehend entfernen.<\/p>\n\n\n\n<h2 class=\"wp-block-heading\">Haftung f\u00fcr Links<\/h2>\n\n\n\n<p>Unser Angebot enth\u00e4lt Links zu externen Webseiten Dritter, auf deren Inhalte wir keinen Einfluss haben. F\u00fcr die Inhalte der verlinkten Seiten ist stets der jeweilige Anbieter oder Betreiber verantwortlich. Die verlinkten Seiten wurden zum Zeitpunkt der Verlinkung auf m\u00f6gliche Rechtsverst\u00f6\u00dfe \u00fcberpr\u00fcft. Rechtswidrige Inhalte waren zum Zeitpunkt der Verlinkung nicht erkennbar.<\/p>\n\n\n\n<p>Eine permanente inhaltliche Kontrolle der verlinkten Seiten ist ohne konkrete Anhaltspunkte einer Rechtsverletzung nicht zumutbar. Bei Bekanntwerden von Rechtsverletzungen werden wir derartige Links umgehend entfernen.<\/p>\n\n\n\n<h2 class=\"wp-block-heading\">Urheberrecht<\/h2>\n\n\n\n<p>Die durch den Seitenbetreiber erstellten Inhalte und Werke auf diesen Seiten unterliegen dem deutschen Urheberrecht. Die Vervielf\u00e4ltigung, Bearbeitung, Verbreitung und jede Art der Verwertung au\u00dferhalb der Grenzen des Urheberrechtes bed\u00fcrfen der schriftlichen Zustimmung des jeweiligen Autors bzw. Erstellers. Downloads und Kopien dieser Seite sind nur f\u00fcr den privaten, nicht kommerziellen Gebrauch gestattet.<\/p>\n\n\n\n<h2 class=\"wp-block-heading\">Datenschutz<\/h2>\n\n\n\n<p>Informationen zur Verarbeitung Ihrer personenbezogenen Daten gem\u00e4\u00df der Datenschutz-Grundverordnung (DSGVO) und dem Telekommunikation-Digitale-Dienste-Datenschutz-Gesetz (TDDDG) finden Sie in unserer Datenschutzerkl\u00e4rung.<\/p>\n\n\n\n<p><\/p>\n\n\n\n<p><\/p>\n","protected":false},"excerpt":{"rendered":"<p>Angaben gem\u00e4\u00df \u00a7 5 DDG Dr. med. Christoph Schmieding Facharzt f\u00fcr Innere Medizin Bahnhofstra\u00dfe 4a 76137 Karlsruhe Kontakt Telefon: 0721 \u2013 35 75 55 Fax: 0721 \u2013 35 73 81 E-Mail: schmieding-email@web.de Berufsbezeichnung und berufsrechtliche Regelungen Berufsbezeichnung: Facharzt f\u00fcr Innere Medizin Verliehen in der Bundesrepublik Deutschland Es gelten folgende berufsrechtliche Regelungen: Die Regelungen sind einsehbar [&hellip;]<\/p>\n","protected":false},"author":1,"featured_media":0,"parent":0,"menu_order":0,"comment_status":"closed","ping_status":"closed","template":"","meta":{"footnotes":""},"class_list":["post-2","page","type-page","status-publish","hentry"],"_links":{"self":[{"href":"https:\/\/www.schmieding-praxis.de\/index.php?rest_route=\/wp\/v2\/pages\/2","targetHints":{"allow":["GET"]}}],"collection":[{"href":"https:\/\/www.schmieding-praxis.de\/index.php?rest_route=\/wp\/v2\/pages"}],"about":[{"href":"https:\/\/www.schmieding-praxis.de\/index.php?rest_route=\/wp\/v2\/types\/page"}],"author":[{"embeddable":true,"href":"https:\/\/www.schmieding-praxis.de\/index.php?rest_route=\/wp\/v2\/users\/1"}],"replies":[{"embeddable":true,"href":"https:\/\/www.schmieding-praxis.de\/index.php?rest_route=%2Fwp%2Fv2%2Fcomments&post=2"}],"version-history":[{"count":8,"href":"https:\/\/www.schmieding-praxis.de\/index.php?rest_route=\/wp\/v2\/pages\/2\/revisions"}],"predecessor-version":[{"id":103,"href":"https:\/\/www.schmieding-praxis.de\/index.php?rest_route=\/wp\/v2\/pages\/2\/revisions\/103"}],"wp:attachment":[{"href":"https:\/\/www.schmieding-praxis.de\/index.php?rest_route=%2Fwp%2Fv2%2Fmedia&parent=2"}],"curies":[{"name":"wp","href":"https:\/\/api.w.org\/{rel}","templated":true}]}}